{"id":1721,"date":"2025-01-23T23:21:28","date_gmt":"2025-01-23T21:21:28","guid":{"rendered":"https:\/\/wordpress\/?page_id=1721"},"modified":"2025-06-02T15:12:21","modified_gmt":"2025-06-02T13:12:21","slug":"parteneriat-academic","status":"publish","type":"page","link":"https:\/\/maternitateamunicipalanr2.md\/?page_id=1721","title":{"rendered":"Parteneriat Academic"},"content":{"rendered":"\t\t<div data-elementor-type=\"wp-page\" data-elementor-id=\"1721\" class=\"elementor elementor-1721\">\n\t\t\t\t<div class=\"elementor-element elementor-element-60aa147 e-flex e-con-boxed e-con e-parent\" data-id=\"60aa147\" data-element_type=\"container\" data-e-type=\"container\">\n\t\t\t\t\t<div class=\"e-con-inner\">\n\t\t\t\t<div class=\"elementor-element elementor-element-161053b elementor-widget-divider--view-line elementor-widget elementor-widget-divider\" data-id=\"161053b\" data-element_type=\"widget\" data-e-type=\"widget\" data-widget_type=\"divider.default\">\n\t\t\t\t<div class=\"elementor-widget-container\">\n\t\t\t\t\t\t\t<div class=\"elementor-divider\">\n\t\t\t<span class=\"elementor-divider-separator\">\n\t\t\t\t\t\t<\/span>\n\t\t<\/div>\n\t\t\t\t\t\t<\/div>\n\t\t\t\t<\/div>\n\t\t\t\t\t<\/div>\n\t\t\t\t<\/div>\n\t\t<div class=\"elementor-element elementor-element-e9ccbd5 e-grid e-con-boxed e-con e-parent\" data-id=\"e9ccbd5\" data-element_type=\"container\" data-e-type=\"container\">\n\t\t\t\t\t<div class=\"e-con-inner\">\n\t\t\t\t<div class=\"elementor-element elementor-element-8f95f92 elementor-widget elementor-widget-image\" data-id=\"8f95f92\" data-element_type=\"widget\" data-e-type=\"widget\" data-widget_type=\"image.default\">\n\t\t\t\t<div class=\"elementor-widget-container\">\n\t\t\t\t\t\t\t\t\t\t\t\t\t\t\t<img fetchpriority=\"high\" decoding=\"async\" width=\"495\" height=\"330\" src=\"https:\/\/maternitateamunicipalanr2.md\/wp-content\/uploads\/2025\/01\/2570.png\" class=\"attachment-large size-large wp-image-1725\" alt=\"\" srcset=\"https:\/\/maternitateamunicipalanr2.md\/wp-content\/uploads\/2025\/01\/2570.png 495w, https:\/\/maternitateamunicipalanr2.md\/wp-content\/uploads\/2025\/01\/2570-300x200.png 300w\" sizes=\"(max-width: 495px) 100vw, 495px\" \/>\t\t\t\t\t\t\t\t\t\t\t\t\t\t\t<\/div>\n\t\t\t\t<\/div>\n\t\t\t\t<div class=\"elementor-element elementor-element-1ab113d elementor-widget elementor-widget-text-editor\" data-id=\"1ab113d\" data-element_type=\"widget\" data-e-type=\"widget\" data-widget_type=\"text-editor.default\">\n\t\t\t\t<div class=\"elementor-widget-container\">\n\t\t\t\t\t\t\t\t\t<div><span class=\"fs24\">Institu\u0163ia, pe tot parcursul activit\u0103\u0163ii, a servit drept baz\u0103 clinic\u0103 a cadrelor de obstetric\u0103 \u015fi ginecologie a USMF \u201eN. Testemi\u0163anu\u201d. Colaboratorii catedrei obstetrico-ginecologice conlucreaz\u0103 activ cu medicii din Maternitate pe urm\u0103toarele direc\u0163ii \u015ftiin\u0163ifice:<\/span><\/div><div>\u00a0<\/div><div><span class=\"fs24\">1. Elaborarea \u015fi implementarea noilor concep\u0163ii medicale \u00een obstetric\u0103 \u015fi ginecologie;<\/span><\/div><div>\u00a0<\/div><div>\u00a0<\/div>\t\t\t\t\t\t\t\t<\/div>\n\t\t\t\t<\/div>\n\t\t\t\t<div class=\"elementor-element elementor-element-b57e8a6 elementor-widget elementor-widget-image\" data-id=\"b57e8a6\" data-element_type=\"widget\" data-e-type=\"widget\" data-widget_type=\"image.default\">\n\t\t\t\t<div class=\"elementor-widget-container\">\n\t\t\t\t\t\t\t\t\t\t\t\t\t\t\t<img decoding=\"async\" width=\"495\" height=\"330\" src=\"https:\/\/maternitateamunicipalanr2.md\/wp-content\/uploads\/2025\/01\/2584.png\" class=\"attachment-large size-large wp-image-1727\" alt=\"\" srcset=\"https:\/\/maternitateamunicipalanr2.md\/wp-content\/uploads\/2025\/01\/2584.png 495w, https:\/\/maternitateamunicipalanr2.md\/wp-content\/uploads\/2025\/01\/2584-300x200.png 300w\" sizes=\"(max-width: 495px) 100vw, 495px\" \/>\t\t\t\t\t\t\t\t\t\t\t\t\t\t\t<\/div>\n\t\t\t\t<\/div>\n\t\t\t\t<div class=\"elementor-element elementor-element-04fdf64 elementor-widget elementor-widget-text-editor\" data-id=\"04fdf64\" data-element_type=\"widget\" data-e-type=\"widget\" data-widget_type=\"text-editor.default\">\n\t\t\t\t<div class=\"elementor-widget-container\">\n\t\t\t\t\t\t\t\t\t<div><span class=\"fs24\">2. Aspecte epidemiologice \u015fi medico-organizatorice ale morbidit\u0103\u0163ii \u015fi mortalit\u0103\u0163ii materne \u015fi perinatale;<\/span><\/div><div>\u00a0<\/div><div><span class=\"fs24\">3. Abordarea \u015ftiin\u0163ific\u0103 a problemelor actuale \u00een specialitate:<\/span><\/div><div><span class=\"fs24\">&#8212; Hemoragiile obstetricale;<\/span><\/div><div><span class=\"fs24\">&#8212; Asisten\u0163a de urgen\u0163\u0103 \u00een obstetric\u0103 \u015fi ginecologie;<\/span><\/div><div><span class=\"fs24\">&#8212; Anemia gravidar\u0103.<\/span><\/div>\t\t\t\t\t\t\t\t<\/div>\n\t\t\t\t<\/div>\n\t\t\t\t\t<\/div>\n\t\t\t\t<\/div>\n\t\t<div class=\"elementor-element elementor-element-1668eb39 e-flex e-con-boxed e-con e-parent\" data-id=\"1668eb39\" data-element_type=\"container\" data-e-type=\"container\">\n\t\t\t\t\t<div class=\"e-con-inner\">\n\t\t\t\t<div class=\"elementor-element elementor-element-26934cb5 elementor-widget-divider--view-line elementor-widget elementor-widget-divider\" data-id=\"26934cb5\" data-element_type=\"widget\" data-e-type=\"widget\" data-widget_type=\"divider.default\">\n\t\t\t\t<div class=\"elementor-widget-container\">\n\t\t\t\t\t\t\t<div class=\"elementor-divider\">\n\t\t\t<span class=\"elementor-divider-separator\">\n\t\t\t\t\t\t<\/span>\n\t\t<\/div>\n\t\t\t\t\t\t<\/div>\n\t\t\t\t<\/div>\n\t\t\t\t\t<\/div>\n\t\t\t\t<\/div>\n\t\t\t\t<\/div>\n\t\t","protected":false},"excerpt":{"rendered":"<p>Institu\u0163ia, pe tot parcursul activit\u0103\u0163ii, a servit drept baz\u0103 clinic\u0103 a cadrelor de obstetric\u0103 \u015fi ginecologie a USMF \u201eN. Testemi\u0163anu\u201d. Colaboratorii catedrei obstetrico-ginecologice conlucreaz\u0103 activ cu medicii din Maternitate pe urm\u0103toarele direc\u0163ii \u015ftiin\u0163ifice:\u00a01. Elaborarea \u015fi implementarea noilor concep\u0163ii medicale \u00een obstetric\u0103 \u015fi ginecologie;\u00a0\u00a0 2. Aspecte epidemiologice \u015fi medico-organizatorice ale morbidit\u0103\u0163ii \u015fi mortalit\u0103\u0163ii materne \u015fi perinatale;\u00a03. [&hellip;]<\/p>\n","protected":false},"author":2,"featured_media":0,"parent":0,"menu_order":0,"comment_status":"closed","ping_status":"closed","template":"","meta":{"site-sidebar-layout":"no-sidebar","site-content-layout":"page-builder","ast-site-content-layout":"full-width-container","site-content-style":"default","site-sidebar-style":"default","ast-global-header-display":"","ast-banner-title-visibility":"","ast-main-header-display":"","ast-hfb-above-header-display":"","ast-hfb-below-header-display":"","ast-hfb-mobile-header-display":"","site-post-title":"disabled","ast-breadcrumbs-content":"","ast-featured-img":"disabled","footer-sml-layout":"","ast-disable-related-posts":"","theme-transparent-header-meta":"","adv-header-id-meta":"","stick-header-meta":"","header-above-stick-meta":"","header-main-stick-meta":"","header-below-stick-meta":"","astra-migrate-meta-layouts":"set","ast-page-background-enabled":"default","ast-page-background-meta":{"desktop":{"background-color":"var(--ast-global-color-4)","background-image":"","background-repeat":"repeat","background-position":"center center","background-size":"auto","background-attachment":"scroll","background-type":"","background-media":"","overlay-type":"","overlay-color":"","overlay-opacity":"","overlay-gradient":""},"tablet":{"background-color":"","background-image":"","background-repeat":"repeat","background-position":"center center","background-size":"auto","background-attachment":"scroll","background-type":"","background-media":"","overlay-type":"","overlay-color":"","overlay-opacity":"","overlay-gradient":""},"mobile":{"background-color":"","background-image":"","background-repeat":"repeat","background-position":"center center","background-size":"auto","background-attachment":"scroll","background-type":"","background-media":"","overlay-type":"","overlay-color":"","overlay-opacity":"","overlay-gradient":""}},"ast-content-background-meta":{"desktop":{"background-color":"var(--ast-global-color-5)","background-image":"","background-repeat":"repeat","background-position":"center center","background-size":"auto","background-attachment":"scroll","background-type":"","background-media":"","overlay-type":"","overlay-color":"","overlay-opacity":"","overlay-gradient":""},"tablet":{"background-color":"var(--ast-global-color-5)","background-image":"","background-repeat":"repeat","background-position":"center center","background-size":"auto","background-attachment":"scroll","background-type":"","background-media":"","overlay-type":"","overlay-color":"","overlay-opacity":"","overlay-gradient":""},"mobile":{"background-color":"var(--ast-global-color-5)","background-image":"","background-repeat":"repeat","background-position":"center center","background-size":"auto","background-attachment":"scroll","background-type":"","background-media":"","overlay-type":"","overlay-color":"","overlay-opacity":"","overlay-gradient":""}},"footnotes":""},"class_list":["post-1721","page","type-page","status-publish","hentry"],"_links":{"self":[{"href":"https:\/\/maternitateamunicipalanr2.md\/index.php?rest_route=\/wp\/v2\/pages\/1721","targetHints":{"allow":["GET"]}}],"collection":[{"href":"https:\/\/maternitateamunicipalanr2.md\/index.php?rest_route=\/wp\/v2\/pages"}],"about":[{"href":"https:\/\/maternitateamunicipalanr2.md\/index.php?rest_route=\/wp\/v2\/types\/page"}],"author":[{"embeddable":true,"href":"https:\/\/maternitateamunicipalanr2.md\/index.php?rest_route=\/wp\/v2\/users\/2"}],"replies":[{"embeddable":true,"href":"https:\/\/maternitateamunicipalanr2.md\/index.php?rest_route=%2Fwp%2Fv2%2Fcomments&post=1721"}],"version-history":[{"count":19,"href":"https:\/\/maternitateamunicipalanr2.md\/index.php?rest_route=\/wp\/v2\/pages\/1721\/revisions"}],"predecessor-version":[{"id":2698,"href":"https:\/\/maternitateamunicipalanr2.md\/index.php?rest_route=\/wp\/v2\/pages\/1721\/revisions\/2698"}],"wp:attachment":[{"href":"https:\/\/maternitateamunicipalanr2.md\/index.php?rest_route=%2Fwp%2Fv2%2Fmedia&parent=1721"}],"curies":[{"name":"wp","href":"https:\/\/api.w.org\/{rel}","templated":true}]}}