{"id":2509,"date":"2025-06-02T08:53:38","date_gmt":"2025-06-02T06:53:38","guid":{"rendered":"https:\/\/maternitateamunicipalanr2.md\/wordpress\/wordpress\/?page_id=2509"},"modified":"2025-06-02T15:09:04","modified_gmt":"2025-06-02T13:09:04","slug":"despre-noi","status":"publish","type":"page","link":"https:\/\/maternitateamunicipalanr2.md\/?page_id=2509","title":{"rendered":"Despre noi"},"content":{"rendered":"\t\t<div data-elementor-type=\"wp-page\" data-elementor-id=\"2509\" class=\"elementor elementor-2509\">\n\t\t\t\t<div class=\"elementor-element elementor-element-710e332 e-flex e-con-boxed e-con e-parent\" data-id=\"710e332\" data-element_type=\"container\" data-e-type=\"container\">\n\t\t\t\t\t<div class=\"e-con-inner\">\n\t\t\t\t<div class=\"elementor-element elementor-element-18d45ac elementor-widget-divider--view-line elementor-widget elementor-widget-divider\" data-id=\"18d45ac\" data-element_type=\"widget\" data-e-type=\"widget\" data-widget_type=\"divider.default\">\n\t\t\t\t<div class=\"elementor-widget-container\">\n\t\t\t\t\t\t\t<div class=\"elementor-divider\">\n\t\t\t<span class=\"elementor-divider-separator\">\n\t\t\t\t\t\t<\/span>\n\t\t<\/div>\n\t\t\t\t\t\t<\/div>\n\t\t\t\t<\/div>\n\t\t\t\t\t<\/div>\n\t\t\t\t<\/div>\n\t\t<div class=\"elementor-element elementor-element-6e00dbd e-flex e-con-boxed e-con e-parent\" data-id=\"6e00dbd\" data-element_type=\"container\" data-e-type=\"container\">\n\t\t\t\t\t<div class=\"e-con-inner\">\n\t\t\t\t<div class=\"elementor-element elementor-element-1b8c132 elementor-widget elementor-widget-heading\" data-id=\"1b8c132\" data-element_type=\"widget\" data-e-type=\"widget\" data-widget_type=\"heading.default\">\n\t\t\t\t<div class=\"elementor-widget-container\">\n\t\t\t\t\t<h2 class=\"elementor-heading-title elementor-size-default\">Maternitatea Municipal\u0103 Nr. 2 Chi\u0219in\u0103u<br>Grij\u0103. \u00cencredere. Siguran\u021b\u0103 pentru Mam\u0103 \u0219i Copil.<\/h2>\t\t\t\t<\/div>\n\t\t\t\t<\/div>\n\t\t\t\t<div class=\"elementor-element elementor-element-cd03b0b elementor-widget elementor-widget-text-editor\" data-id=\"cd03b0b\" data-element_type=\"widget\" data-e-type=\"widget\" data-widget_type=\"text-editor.default\">\n\t\t\t\t<div class=\"elementor-widget-container\">\n\t\t\t\t\t\t\t\t\t<p class=\"\" data-start=\"281\" data-end=\"563\">Maternitatea Municipal\u0103 Nr. 2 din Chi\u0219in\u0103u este una dintre cele mai importante institu\u021bii medicale din Republica Moldova, specializat\u0103 \u00een obstetric\u0103 \u0219i ginecologie, cu o misiune clar\u0103: asigurarea unor servicii medicale sigure \u0219i de calitate \u00een domeniul s\u0103n\u0103t\u0103\u021bii mamei \u0219i copilului.<\/p>\t\t\t\t\t\t\t\t<\/div>\n\t\t\t\t<\/div>\n\t\t\t\t\t<\/div>\n\t\t\t\t<\/div>\n\t\t<div class=\"elementor-element elementor-element-1e92fae6 e-flex e-con-boxed e-con e-parent\" data-id=\"1e92fae6\" data-element_type=\"container\" data-e-type=\"container\">\n\t\t\t\t\t<div class=\"e-con-inner\">\n\t\t\t\t<div class=\"elementor-element elementor-element-5603263b elementor-widget-divider--view-line elementor-widget elementor-widget-divider\" data-id=\"5603263b\" data-element_type=\"widget\" data-e-type=\"widget\" data-widget_type=\"divider.default\">\n\t\t\t\t<div class=\"elementor-widget-container\">\n\t\t\t\t\t\t\t<div class=\"elementor-divider\">\n\t\t\t<span class=\"elementor-divider-separator\">\n\t\t\t\t\t\t<\/span>\n\t\t<\/div>\n\t\t\t\t\t\t<\/div>\n\t\t\t\t<\/div>\n\t\t\t\t\t<\/div>\n\t\t\t\t<\/div>\n\t\t<div class=\"elementor-element elementor-element-c117404 e-flex e-con-boxed e-con e-parent\" data-id=\"c117404\" data-element_type=\"container\" data-e-type=\"container\">\n\t\t\t\t\t<div class=\"e-con-inner\">\n\t\t\t\t<div class=\"elementor-element elementor-element-6d66a26 elementor-widget elementor-widget-text-editor\" data-id=\"6d66a26\" data-element_type=\"widget\" data-e-type=\"widget\" data-widget_type=\"text-editor.default\">\n\t\t\t\t<div class=\"elementor-widget-container\">\n\t\t\t\t\t\t\t\t\t<h3 class=\"\" style=\"text-align: center;\" data-start=\"570\" data-end=\"597\"><strong data-start=\"574\" data-end=\"597\">Istoric \u0219i Tradi\u021bie<\/strong><\/h3><p class=\"\" data-start=\"599\" data-end=\"1113\">Fondat\u0103 \u00een a doua jum\u0103tate a secolului XX, Maternitatea Nr. 2 a fost conceput\u0103 pentru a r\u0103spunde nevoilor \u00een continu\u0103 cre\u0219tere ale popula\u021biei urbane din Chi\u0219in\u0103u. De-a lungul decadelor, institu\u021bia s-a remarcat prin profesionalismul personalului, abordarea empatic\u0103 \u0219i adaptarea constant\u0103 la noile cerin\u021be ale sistemului medical modern. Cu o tradi\u021bie solid\u0103 \u0219i o reputa\u021bie bine consolidat\u0103, maternitatea a asistat la na\u0219terea a zeci de mii de copii \u0219i a oferit sprijin ne\u00eentrerupt familiilor din \u00eentreaga republic\u0103.<\/p><p class=\"\" data-start=\"599\" data-end=\"1113\">\u00a0<\/p>\t\t\t\t\t\t\t\t<\/div>\n\t\t\t\t<\/div>\n\t\t\t\t\t<\/div>\n\t\t\t\t<\/div>\n\t\t<div class=\"elementor-element elementor-element-8835211 e-flex e-con-boxed e-con e-parent\" data-id=\"8835211\" data-element_type=\"container\" data-e-type=\"container\">\n\t\t\t\t\t<div class=\"e-con-inner\">\n\t\t\t\t<div class=\"elementor-element elementor-element-e668db5 elementor-widget-divider--view-line elementor-widget elementor-widget-divider\" data-id=\"e668db5\" data-element_type=\"widget\" data-e-type=\"widget\" data-widget_type=\"divider.default\">\n\t\t\t\t<div class=\"elementor-widget-container\">\n\t\t\t\t\t\t\t<div class=\"elementor-divider\">\n\t\t\t<span class=\"elementor-divider-separator\">\n\t\t\t\t\t\t<\/span>\n\t\t<\/div>\n\t\t\t\t\t\t<\/div>\n\t\t\t\t<\/div>\n\t\t\t\t\t<\/div>\n\t\t\t\t<\/div>\n\t\t<div class=\"elementor-element elementor-element-941c5b6 e-flex e-con-boxed e-con e-parent\" data-id=\"941c5b6\" data-element_type=\"container\" data-e-type=\"container\">\n\t\t\t\t\t<div class=\"e-con-inner\">\n\t\t\t\t<div class=\"elementor-element elementor-element-1046549 elementor-widget elementor-widget-text-editor\" data-id=\"1046549\" data-element_type=\"widget\" data-e-type=\"widget\" data-widget_type=\"text-editor.default\">\n\t\t\t\t<div class=\"elementor-widget-container\">\n\t\t\t\t\t\t\t\t\t<h3 class=\"\" style=\"text-align: center;\" data-start=\"694\" data-end=\"726\">\ud83d\udc69\u200d\u2695\ufe0f <strong data-start=\"704\" data-end=\"726\">Serviciile Noastre<\/strong><\/h3><ul data-start=\"728\" data-end=\"978\"><li class=\"\" data-start=\"728\" data-end=\"777\"><p class=\"\" data-start=\"730\" data-end=\"777\">Monitorizarea sarcinii (fiziologic\u0103 \u0219i cu risc)<\/p><\/li><li class=\"\" data-start=\"778\" data-end=\"820\"><p class=\"\" data-start=\"780\" data-end=\"820\">Na\u0219teri asistate (natural sau cezarian\u0103)<\/p><\/li><li class=\"\" data-start=\"821\" data-end=\"850\"><p class=\"\" data-start=\"823\" data-end=\"850\">Terapie intensiv\u0103 neonatal\u0103<\/p><\/li><li class=\"\" data-start=\"851\" data-end=\"902\"><p class=\"\" data-start=\"853\" data-end=\"902\">Consulta\u021bii ginecologice \u0219i planificare familial\u0103<\/p><\/li><li class=\"\" data-start=\"903\" data-end=\"951\"><p class=\"\" data-start=\"905\" data-end=\"951\">Consiliere psihologic\u0103 prenatal\u0103 \u0219i postnatal\u0103<\/p><\/li><li class=\"\" data-start=\"952\" data-end=\"978\"><p class=\"\" data-start=\"954\" data-end=\"978\">Servicii de urgen\u021b\u0103 24\/7<\/p><\/li><\/ul><blockquote data-start=\"980\" data-end=\"1050\"><p class=\"\" data-start=\"982\" data-end=\"1050\"><em data-start=\"982\" data-end=\"1050\">Punem s\u0103n\u0103tatea mamei \u0219i copilului \u00een centrul a tot ceea ce facem.<\/em><\/p><\/blockquote>\t\t\t\t\t\t\t\t<\/div>\n\t\t\t\t<\/div>\n\t\t\t\t\t<\/div>\n\t\t\t\t<\/div>\n\t\t<div class=\"elementor-element elementor-element-81f43ae e-flex e-con-boxed e-con e-parent\" data-id=\"81f43ae\" data-element_type=\"container\" data-e-type=\"container\">\n\t\t\t\t\t<div class=\"e-con-inner\">\n\t\t\t\t<div class=\"elementor-element elementor-element-f57caf0 elementor-widget-divider--view-line elementor-widget elementor-widget-divider\" data-id=\"f57caf0\" data-element_type=\"widget\" data-e-type=\"widget\" data-widget_type=\"divider.default\">\n\t\t\t\t<div class=\"elementor-widget-container\">\n\t\t\t\t\t\t\t<div class=\"elementor-divider\">\n\t\t\t<span class=\"elementor-divider-separator\">\n\t\t\t\t\t\t<\/span>\n\t\t<\/div>\n\t\t\t\t\t\t<\/div>\n\t\t\t\t<\/div>\n\t\t\t\t\t<\/div>\n\t\t\t\t<\/div>\n\t\t<div class=\"elementor-element elementor-element-1a280c0 e-flex e-con-boxed e-con e-parent\" data-id=\"1a280c0\" data-element_type=\"container\" data-e-type=\"container\">\n\t\t\t\t\t<div class=\"e-con-inner\">\n\t\t\t\t<div class=\"elementor-element elementor-element-793f3cb elementor-widget elementor-widget-text-editor\" data-id=\"793f3cb\" data-element_type=\"widget\" data-e-type=\"widget\" data-widget_type=\"text-editor.default\">\n\t\t\t\t<div class=\"elementor-widget-container\">\n\t\t\t\t\t\t\t\t\t<h3 class=\"\" style=\"text-align: center;\" data-start=\"1057\" data-end=\"1097\">\ud83e\uddec <strong data-start=\"1064\" data-end=\"1097\">Infrastructur\u0103 \u0219i Echipamente<\/strong><\/h3><ul data-start=\"1099\" data-end=\"1330\"><li class=\"\" data-start=\"1099\" data-end=\"1127\"><p class=\"\" data-start=\"1101\" data-end=\"1127\">Blocuri moderne de na\u0219teri<\/p><\/li><li class=\"\" data-start=\"1128\" data-end=\"1168\"><p class=\"\" data-start=\"1130\" data-end=\"1168\">Sec\u021bii renovate \u0219i saloane individuale<\/p><\/li><li class=\"\" data-start=\"1169\" data-end=\"1227\"><p class=\"\" data-start=\"1171\" data-end=\"1227\">Echipamente performante pentru diagnostic \u0219i interven\u021bii<\/p><\/li><li class=\"\" data-start=\"1228\" data-end=\"1276\"><p class=\"\" data-start=\"1230\" data-end=\"1276\">Sec\u021bie de terapie intensiv\u0103 pentru nou-n\u0103scu\u021bi<\/p><\/li><li class=\"\" data-start=\"1277\" data-end=\"1330\"><p class=\"\" data-start=\"1279\" data-end=\"1330\">Sisteme digitale pentru program\u0103ri \u0219i fi\u0219e medicale<\/p><\/li><\/ul><p class=\"\" data-start=\"599\" data-end=\"1113\">\u00a0<\/p>\t\t\t\t\t\t\t\t<\/div>\n\t\t\t\t<\/div>\n\t\t\t\t\t<\/div>\n\t\t\t\t<\/div>\n\t\t<div class=\"elementor-element elementor-element-6f6526e e-flex e-con-boxed e-con e-parent\" data-id=\"6f6526e\" data-element_type=\"container\" data-e-type=\"container\">\n\t\t\t\t\t<div class=\"e-con-inner\">\n\t\t\t\t<div class=\"elementor-element elementor-element-42afeb0 elementor-widget-divider--view-line elementor-widget elementor-widget-divider\" data-id=\"42afeb0\" data-element_type=\"widget\" data-e-type=\"widget\" data-widget_type=\"divider.default\">\n\t\t\t\t<div class=\"elementor-widget-container\">\n\t\t\t\t\t\t\t<div class=\"elementor-divider\">\n\t\t\t<span class=\"elementor-divider-separator\">\n\t\t\t\t\t\t<\/span>\n\t\t<\/div>\n\t\t\t\t\t\t<\/div>\n\t\t\t\t<\/div>\n\t\t\t\t\t<\/div>\n\t\t\t\t<\/div>\n\t\t\t\t<\/div>\n\t\t","protected":false},"excerpt":{"rendered":"<p>Maternitatea Municipal\u0103 Nr. 2 Chi\u0219in\u0103uGrij\u0103. \u00cencredere. Siguran\u021b\u0103 pentru Mam\u0103 \u0219i Copil. Maternitatea Municipal\u0103 Nr. 2 din Chi\u0219in\u0103u este una dintre cele mai importante institu\u021bii medicale din Republica Moldova, specializat\u0103 \u00een obstetric\u0103 \u0219i ginecologie, cu o misiune clar\u0103: asigurarea unor servicii medicale sigure \u0219i de calitate \u00een domeniul s\u0103n\u0103t\u0103\u021bii mamei \u0219i copilului. Istoric \u0219i Tradi\u021bie Fondat\u0103 [&hellip;]<\/p>\n","protected":false},"author":2,"featured_media":0,"parent":0,"menu_order":0,"comment_status":"closed","ping_status":"closed","template":"","meta":{"site-sidebar-layout":"no-sidebar","site-content-layout":"page-builder","ast-site-content-layout":"full-width-container","site-content-style":"default","site-sidebar-style":"default","ast-global-header-display":"","ast-banner-title-visibility":"","ast-main-header-display":"","ast-hfb-above-header-display":"","ast-hfb-below-header-display":"","ast-hfb-mobile-header-display":"","site-post-title":"disabled","ast-breadcrumbs-content":"","ast-featured-img":"disabled","footer-sml-layout":"","ast-disable-related-posts":"","theme-transparent-header-meta":"","adv-header-id-meta":"","stick-header-meta":"","header-above-stick-meta":"","header-main-stick-meta":"","header-below-stick-meta":"","astra-migrate-meta-layouts":"set","ast-page-background-enabled":"default","ast-page-background-meta":{"desktop":{"background-color":"var(--ast-global-color-4)","background-image":"","background-repeat":"repeat","background-position":"center center","background-size":"auto","background-attachment":"scroll","background-type":"","background-media":"","overlay-type":"","overlay-color":"","overlay-opacity":"","overlay-gradient":""},"tablet":{"background-color":"","background-image":"","background-repeat":"repeat","background-position":"center center","background-size":"auto","background-attachment":"scroll","background-type":"","background-media":"","overlay-type":"","overlay-color":"","overlay-opacity":"","overlay-gradient":""},"mobile":{"background-color":"","background-image":"","background-repeat":"repeat","background-position":"center center","background-size":"auto","background-attachment":"scroll","background-type":"","background-media":"","overlay-type":"","overlay-color":"","overlay-opacity":"","overlay-gradient":""}},"ast-content-background-meta":{"desktop":{"background-color":"var(--ast-global-color-5)","background-image":"","background-repeat":"repeat","background-position":"center center","background-size":"auto","background-attachment":"scroll","background-type":"","background-media":"","overlay-type":"","overlay-color":"","overlay-opacity":"","overlay-gradient":""},"tablet":{"background-color":"var(--ast-global-color-5)","background-image":"","background-repeat":"repeat","background-position":"center center","background-size":"auto","background-attachment":"scroll","background-type":"","background-media":"","overlay-type":"","overlay-color":"","overlay-opacity":"","overlay-gradient":""},"mobile":{"background-color":"var(--ast-global-color-5)","background-image":"","background-repeat":"repeat","background-position":"center center","background-size":"auto","background-attachment":"scroll","background-type":"","background-media":"","overlay-type":"","overlay-color":"","overlay-opacity":"","overlay-gradient":""}},"footnotes":""},"class_list":["post-2509","page","type-page","status-publish","hentry"],"_links":{"self":[{"href":"https:\/\/maternitateamunicipalanr2.md\/index.php?rest_route=\/wp\/v2\/pages\/2509","targetHints":{"allow":["GET"]}}],"collection":[{"href":"https:\/\/maternitateamunicipalanr2.md\/index.php?rest_route=\/wp\/v2\/pages"}],"about":[{"href":"https:\/\/maternitateamunicipalanr2.md\/index.php?rest_route=\/wp\/v2\/types\/page"}],"author":[{"embeddable":true,"href":"https:\/\/maternitateamunicipalanr2.md\/index.php?rest_route=\/wp\/v2\/users\/2"}],"replies":[{"embeddable":true,"href":"https:\/\/maternitateamunicipalanr2.md\/index.php?rest_route=%2Fwp%2Fv2%2Fcomments&post=2509"}],"version-history":[{"count":19,"href":"https:\/\/maternitateamunicipalanr2.md\/index.php?rest_route=\/wp\/v2\/pages\/2509\/revisions"}],"predecessor-version":[{"id":2691,"href":"https:\/\/maternitateamunicipalanr2.md\/index.php?rest_route=\/wp\/v2\/pages\/2509\/revisions\/2691"}],"wp:attachment":[{"href":"https:\/\/maternitateamunicipalanr2.md\/index.php?rest_route=%2Fwp%2Fv2%2Fmedia&parent=2509"}],"curies":[{"name":"wp","href":"https:\/\/api.w.org\/{rel}","templated":true}]}}